{"id":16,"date":"2016-05-10T10:37:05","date_gmt":"2016-05-10T07:37:05","guid":{"rendered":"https:\/\/health-home.net\/tr\/?page_id=16"},"modified":"2016-05-10T10:37:05","modified_gmt":"2016-05-10T07:37:05","slug":"hakkinda","status":"publish","type":"page","link":"https:\/\/health-home.net\/tr\/hakkinda\/","title":{"rendered":"Hakk\u0131nda"},"content":{"rendered":"<p>D\u00fcnya giderek teknolojik hale geldik\u00e7e , daha fazla \u015feyler neredeyse yap\u0131labilir. Sa\u011fl\u0131k &#8211; ev programlar\u0131n\u0131n , yaz\u0131l\u0131m , ara\u00e7lar ve hizmetler sayesinde , insanlar bir kurum haline ta\u015f\u0131mak zorunda kalmadan ihtiya\u00e7 duyduklar\u0131 bak\u0131m alabilirsiniz.<\/p>\n","protected":false},"excerpt":{"rendered":"<p>D\u00fcnya giderek teknolojik hale geldik\u00e7e , daha fazla \u015feyler neredeyse yap\u0131labilir. Sa\u011fl\u0131k &#8211; ev programlar\u0131n\u0131n , yaz\u0131l\u0131m , ara\u00e7lar ve hizmetler sayesinde , insanlar bir kurum haline ta\u015f\u0131mak zorunda kalmadan ihtiya\u00e7 duyduklar\u0131 bak\u0131m alabilirsiniz.<\/p>\n","protected":false},"author":1,"featured_media":0,"parent":0,"menu_order":0,"comment_status":"closed","ping_status":"closed","template":"","meta":{"footnotes":""},"class_list":["post-16","page","type-page","status-publish","hentry"],"_links":{"self":[{"href":"https:\/\/health-home.net\/tr\/wp-json\/wp\/v2\/pages\/16","targetHints":{"allow":["GET"]}}],"collection":[{"href":"https:\/\/health-home.net\/tr\/wp-json\/wp\/v2\/pages"}],"about":[{"href":"https:\/\/health-home.net\/tr\/wp-json\/wp\/v2\/types\/page"}],"author":[{"embeddable":true,"href":"https:\/\/health-home.net\/tr\/wp-json\/wp\/v2\/users\/1"}],"replies":[{"embeddable":true,"href":"https:\/\/health-home.net\/tr\/wp-json\/wp\/v2\/comments?post=16"}],"version-history":[{"count":1,"href":"https:\/\/health-home.net\/tr\/wp-json\/wp\/v2\/pages\/16\/revisions"}],"predecessor-version":[{"id":17,"href":"https:\/\/health-home.net\/tr\/wp-json\/wp\/v2\/pages\/16\/revisions\/17"}],"wp:attachment":[{"href":"https:\/\/health-home.net\/tr\/wp-json\/wp\/v2\/media?parent=16"}],"curies":[{"name":"wp","href":"https:\/\/api.w.org\/{rel}","templated":true}]}}